





{"id":6682,"date":"2015-03-12T20:03:21","date_gmt":"2015-03-12T20:03:21","guid":{"rendered":"https:\/\/akane.coop\/missio-visio-valors\/"},"modified":"2022-04-27T11:58:11","modified_gmt":"2022-04-27T11:58:11","slug":"mision-vision-valores","status":"publish","type":"page","link":"https:\/\/akane.coop\/es\/mision-vision-valores\/","title":{"rendered":"Misi\u00f3n, visi\u00f3n, valores"},"content":{"rendered":"<div class=\"wpb-content-wrapper\"><p>[vc_row full_width=\u00bbstretch_row\u00bb disable_element=\u00bbyes\u00bb bg_type=\u00bbimage\u00bb parallax_style=\u00bbvcpb-default\u00bb bg_image_new=\u00bbid^5420|url^https:\/\/akane.coop\/wp-content\/uploads\/2015\/03\/test-bhg.jpg|caption^null|alt^null|title^test bhg|description^null\u00bb bg_image_repeat=\u00bbno-repeat\u00bb bg_image_size=\u00bbinitial\u00bb bg_img_attach=\u00bbfixed\u00bb bg_image_posiiton=\u00bb0 60px\u00bb][vc_column][vc_column_text el_class=\u00bbfancy-text\u00bb]<\/p>\n<h1 class=\"fancy-title entry-title h2-size color-accent start-animation-done start-animation\">Misi\u00f3n, visi\u00f3n, valores<\/h1>\n<p>[\/vc_column_text][\/vc_column][\/vc_row][vc_row equal_height=\u00bbyes\u00bb el_class=\u00bbmin-height-400&#8243;][vc_column width=\u00bb1\/2&#8243; css=\u00bb.vc_custom_1623924606833{background-image: url(https:\/\/akane.coop\/wp-content\/uploads\/2021\/06\/WEB-AKANE.-MISSIO-1.jpeg?id=6183) !important;background-position: center !important;background-repeat: no-repeat !important;background-size: cover !important;}\u00bb el_class=\u00bbcol-bg-img\u00bb][\/vc_column][vc_column width=\u00bb1\/2&#8243; css=\u00bb.vc_custom_1623924986255{padding-top: 40px !important;}\u00bb][vc_text_separator title=\u00bbMisi\u00f3n\u00bb color=\u00bbcustom\u00bb accent_color=\u00bb#ca4b51&#8243; el_class=\u00bbseparador-texto-color fancy-text\u00bb css=\u00bb.vc_custom_1651060547128{padding-right: 40px !important;padding-left: 40px !important;}\u00bb][vc_column_text el_class=\u00bbpadding-40&#8243;]<\/p>\n<h5 style=\"text-align: center;\">Acompa\u00f1ar y dar una atenci\u00f3n integral a las familias adoptivas y\/o de acogida, as\u00ed como a sus ni\u00f1os\/as a partir de la elaboraci\u00f3n de programas de formaci\u00f3n, asesoramiento y de intervenci\u00f3n terap\u00e9utica especializada.<\/h5>\n<p>[\/vc_column_text][\/vc_column][\/vc_row][vc_row equal_height=\u00bbyes\u00bb el_class=\u00bbmin-height-400 no-mobile\u00bb][vc_column width=\u00bb1\/2&#8243; css=\u00bb.vc_custom_1623924979374{padding-top: 40px !important;background-position: center !important;background-repeat: no-repeat !important;background-size: cover !important;}\u00bb][vc_text_separator title=\u00bbVisi\u00f3n\u00bb color=\u00bbcustom\u00bb accent_color=\u00bb#ca4b51&#8243; el_class=\u00bbseparador-texto-color fancy-text\u00bb css=\u00bb.vc_custom_1651060592633{padding-right: 40px !important;padding-left: 40px !important;}\u00bb][vc_column_text el_class=\u00bbpadding-40&#8243;]<\/p>\n<h5 style=\"text-align: center;\">Tener una posici\u00f3n de referencia en la atenci\u00f3n, formaci\u00f3n, asesoramiento e intervenci\u00f3n terap\u00e9utica especializada en los programas y servicios que desarrollamos para las familias acogedoras y\/o adoptivas y sus ni\u00f1os\/as.<\/h5>\n<p>[\/vc_column_text][\/vc_column][vc_column width=\u00bb1\/2&#8243; css=\u00bb.vc_custom_1623924600659{padding-right: 40px !important;padding-left: 40px !important;background-image: url(https:\/\/akane.coop\/wp-content\/uploads\/2021\/06\/WEB-AKANE_VALORS-scaled.jpg?id=6177) !important;background-position: center !important;background-repeat: no-repeat !important;background-size: cover !important;}\u00bb el_class=\u00bbcol-bg-img\u00bb][\/vc_column][\/vc_row][vc_row equal_height=\u00bbyes\u00bb el_class=\u00bbmin-height-400 no-desktop\u00bb][vc_column width=\u00bb1\/2&#8243; css=\u00bb.vc_custom_1623926128357{padding-top: 40px !important;background-image: url(https:\/\/akane.coop\/wp-content\/uploads\/2021\/06\/WEB-AKANE_VALORS-scaled.jpg?id=6177) !important;background-position: center !important;background-repeat: no-repeat !important;background-size: cover !important;}\u00bb el_class=\u00bbcol-bg-img\u00bb][\/vc_column][vc_column width=\u00bb1\/2&#8243; css=\u00bb.vc_custom_1623926094095{padding-right: 40px !important;padding-left: 40px !important;background-position: center !important;background-repeat: no-repeat !important;background-size: cover !important;}\u00bb][vc_text_separator title=\u00bbVisi\u00f3n\u00bb color=\u00bbcustom\u00bb accent_color=\u00bb#ca4b51&#8243; el_class=\u00bbseparador-texto-color fancy-text\u00bb css=\u00bb.vc_custom_1651060600727{padding-right: 40px !important;padding-left: 40px !important;}\u00bb][vc_column_text el_class=\u00bbpadding-40&#8243;]<\/p>\n<h5 style=\"text-align: center;\">Tener una posici\u00f3n de referencia en la atenci\u00f3n, formaci\u00f3n, asesoramiento e intervenci\u00f3n terap\u00e9utica especializada en los programas y servicios que desarrollamos para las familias acogedoras y\/o adoptivas y sus ni\u00f1os\/as.<\/h5>\n<p>[\/vc_column_text][\/vc_column][\/vc_row][vc_row equal_height=\u00bbyes\u00bb el_class=\u00bbmin-height-400&#8243;][vc_column width=\u00bb1\/2&#8243; css=\u00bb.vc_custom_1623925425953{background-image: url(https:\/\/akane.coop\/wp-content\/uploads\/2021\/06\/WEBAKANE_VALORS_1.jpg?id=6188) !important;background-position: center !important;background-repeat: no-repeat !important;background-size: cover !important;}\u00bb el_class=\u00bbcol-bg-img\u00bb][\/vc_column][vc_column width=\u00bb1\/2&#8243; css=\u00bb.vc_custom_1623924995605{padding-top: 40px !important;}\u00bb][vc_text_separator title=\u00bbValores y rasgos identitarios\u00bb color=\u00bbcustom\u00bb accent_color=\u00bb#ca4b51&#8243; el_class=\u00bbseparador-texto-color fancy-text\u00bb css=\u00bb.vc_custom_1651060625822{padding-right: 40px !important;padding-left: 40px !important;}\u00bb][vc_column_text el_class=\u00bbstandard-arrow padding-40&#8243;]<\/p>\n<ul>\n<li>Solidaridad<\/li>\n<li>Transparencia<\/li>\n<li>Responsabilidad social<\/li>\n<li>\u00c9tica profesional<\/li>\n<li>Adaptabilidad<\/li>\n<li>Transformaci\u00f3n social<\/li>\n<li>Apuesta decidida por la calidad<\/li>\n<li>Apuesta decidida por la excelencia del servicio<\/li>\n<\/ul>\n<p>[\/vc_column_text][\/vc_column][\/vc_row][vc_row][vc_column][vc_empty_space][vc_empty_space][\/vc_column][\/vc_row][vc_row disable_element=\u00bbyes\u00bb][vc_column css=\u00bb.vc_custom_1461314741231{margin-left: -5px !important;}\u00bb][vc_text_separator title=\u00bbObjectius estrat\u00e8gics\u00bb color=\u00bbcustom\u00bb accent_color=\u00bb#ca4b51&#8243; el_class=\u00bbseparador-texto-color fancy-text\u00bb][vc_column_text]1. Gestionar un servei privat d\u2019acompanyament hol\u00edstic a les fam\u00edlies i als seus infants\/adolescents que ofereixi entre altres els seg\u00fcents programes:[\/vc_column_text][vc_empty_space height=\u00bb10px\u00bb][vc_row_inner][vc_column_inner css=\u00bb.vc_custom_1461313698857{margin-left: 25px !important;}\u00bb][vc_column_text el_class=\u00bbstandard-arrow\u00bb]<\/p>\n<ul>\n<li>Atenci\u00f3 terap\u00e8utica a infants i adolescents (logop\u00e8dia, fisioter\u00e0pia pedi\u00e0trica, psicologia infantil i juvenil, psicopedagogia i reeducaci\u00f3)<\/li>\n<li>Ter\u00e0pia familiar<\/li>\n<li>Formaci\u00f3 a grups de pares i mares (formaci\u00f3 a mida).<\/li>\n<\/ul>\n<p>[\/vc_column_text][\/vc_column_inner][\/vc_row_inner][vc_empty_space height=\u00bb10px\u00bb][vc_column_text]2. Gestionar un servei privat d\u2019acompanyament hol\u00edstic a les fam\u00edlies i als seus infants\/adolescents que ofereixi entre altres els seg\u00fcents programes:[\/vc_column_text][vc_empty_space height=\u00bb10px\u00bb][vc_row_inner][vc_column_inner css=\u00bb.vc_custom_1461313698857{margin-left: 25px !important;}\u00bb][vc_column_text el_class=\u00bbstandard-arrow\u00bb]<\/p>\n<ul>\n<li>Xerrades informatives i formatives sobre temes generals i espec\u00edfics de l\u2019adopci\u00f3.<\/li>\n<li>Tallers d\u2019intercanvi d\u2019experi\u00e8ncies entre fam\u00edlies.<\/li>\n<li>Orientaci\u00f3 i suport psicosocial, individualitzat, familiar i grupal.<\/li>\n<li>Formaci\u00f3 espec\u00edfica per als professionals vinculats amb l\u2019\u00e0mbit de l\u2019adopci\u00f3.<\/li>\n<\/ul>\n<p>[\/vc_column_text][\/vc_column_inner][\/vc_row_inner][\/vc_column][\/vc_row]<\/p>\n<\/div>","protected":false},"excerpt":{"rendered":"<div class='heateorSssClear'><\/div><div  class='heateor_sss_sharing_container heateor_sss_horizontal_sharing' data-heateor-sss-href='https:\/\/akane.coop\/es\/mision-vision-valores\/'><div class='heateor_sss_sharing_title' style=\"font-weight:bold\" >Comparteix<\/div><div class=\"heateor_sss_sharing_ul\"><a aria-label=\"Facebook\" class=\"heateor_sss_facebook\" href=\"https:\/\/www.facebook.com\/sharer\/sharer.php?u=https%3A%2F%2Fakane.coop%2Fes%2Fmision-vision-valores%2F\" title=\"Facebook\" rel=\"nofollow noopener\" target=\"_blank\" style=\"font-size:32px!important;box-shadow:none;display:inline-block;vertical-align:middle\"><span class=\"heateor_sss_svg\" style=\"background-color:#0765FE;width:35px;height:35px;border-radius:999px;display:inline-block;opacity:1;float:left;font-size:32px;box-shadow:none;display:inline-block;font-size:16px;padding:0 4px;vertical-align:middle;background-repeat:repeat;overflow:hidden;padding:0;cursor:pointer;box-sizing:content-box\"><svg style=\"display:block;border-radius:999px;\" focusable=\"false\" aria-hidden=\"true\" xmlns=\"http:\/\/www.w3.org\/2000\/svg\" width=\"100%\" height=\"100%\" viewBox=\"0 0 32 32\"><path fill=\"#fff\" d=\"M28 16c0-6.627-5.373-12-12-12S4 9.373 4 16c0 5.628 3.875 10.35 9.101 11.647v-7.98h-2.474V16H13.1v-1.58c0-4.085 1.849-5.978 5.859-5.978.76 0 2.072.15 2.608.298v3.325c-.283-.03-.775-.045-1.386-.045-1.967 0-2.728.745-2.728 2.683V16h3.92l-.673 3.667h-3.247v8.245C23.395 27.195 28 22.135 28 16Z\"><\/path><\/svg><\/span><\/a><a aria-label=\"Twitter\" class=\"heateor_sss_button_twitter\" href=\"https:\/\/twitter.com\/intent\/tweet?text=Misi%C3%B3n%2C%20visi%C3%B3n%2C%20valores&url=https%3A%2F%2Fakane.coop%2Fes%2Fmision-vision-valores%2F\" title=\"Twitter\" rel=\"nofollow noopener\" target=\"_blank\" style=\"font-size:32px!important;box-shadow:none;display:inline-block;vertical-align:middle\"><span class=\"heateor_sss_svg heateor_sss_s__default heateor_sss_s_twitter\" style=\"background-color:#55acee;width:35px;height:35px;border-radius:999px;display:inline-block;opacity:1;float:left;font-size:32px;box-shadow:none;display:inline-block;font-size:16px;padding:0 4px;vertical-align:middle;background-repeat:repeat;overflow:hidden;padding:0;cursor:pointer;box-sizing:content-box\"><svg style=\"display:block;border-radius:999px;\" focusable=\"false\" aria-hidden=\"true\" xmlns=\"http:\/\/www.w3.org\/2000\/svg\" width=\"100%\" height=\"100%\" viewBox=\"-4 -4 39 39\"><path d=\"M28 8.557a9.913 9.913 0 0 1-2.828.775 4.93 4.93 0 0 0 2.166-2.725 9.738 9.738 0 0 1-3.13 1.194 4.92 4.92 0 0 0-3.593-1.55 4.924 4.924 0 0 0-4.794 6.049c-4.09-.21-7.72-2.17-10.15-5.15a4.942 4.942 0 0 0-.665 2.477c0 1.71.87 3.214 2.19 4.1a4.968 4.968 0 0 1-2.23-.616v.06c0 2.39 1.7 4.38 3.952 4.83-.414.115-.85.174-1.297.174-.318 0-.626-.03-.928-.086a4.935 4.935 0 0 0 4.6 3.42 9.893 9.893 0 0 1-6.114 2.107c-.398 0-.79-.023-1.175-.068a13.953 13.953 0 0 0 7.55 2.213c9.056 0 14.01-7.507 14.01-14.013 0-.213-.005-.426-.015-.637.96-.695 1.795-1.56 2.455-2.55z\" fill=\"#fff\"><\/path><\/svg><\/span><\/a><a aria-label=\"Whatsapp\" class=\"heateor_sss_whatsapp\" href=\"https:\/\/api.whatsapp.com\/send?text=Misi%C3%B3n%2C%20visi%C3%B3n%2C%20valores%20https%3A%2F%2Fakane.coop%2Fes%2Fmision-vision-valores%2F\" title=\"Whatsapp\" rel=\"nofollow noopener\" target=\"_blank\" style=\"font-size:32px!important;box-shadow:none;display:inline-block;vertical-align:middle\"><span class=\"heateor_sss_svg\" style=\"background-color:#55eb4c;width:35px;height:35px;border-radius:999px;display:inline-block;opacity:1;float:left;font-size:32px;box-shadow:none;display:inline-block;font-size:16px;padding:0 4px;vertical-align:middle;background-repeat:repeat;overflow:hidden;padding:0;cursor:pointer;box-sizing:content-box\"><svg style=\"display:block;border-radius:999px;\" focusable=\"false\" aria-hidden=\"true\" xmlns=\"http:\/\/www.w3.org\/2000\/svg\" width=\"100%\" height=\"100%\" viewBox=\"-6 -5 40 40\"><path class=\"heateor_sss_svg_stroke heateor_sss_no_fill\" stroke=\"#fff\" stroke-width=\"2\" fill=\"none\" d=\"M 11.579798566743314 24.396926207859085 A 10 10 0 1 0 6.808479557110079 20.73576436351046\"><\/path><path d=\"M 7 19 l -1 6 l 6 -1\" class=\"heateor_sss_no_fill heateor_sss_svg_stroke\" stroke=\"#fff\" stroke-width=\"2\" fill=\"none\"><\/path><path d=\"M 10 10 q -1 8 8 11 c 5 -1 0 -6 -1 -3 q -4 -3 -5 -5 c 4 -2 -1 -5 -1 -4\" fill=\"#fff\"><\/path><\/svg><\/span><\/a><a aria-label=\"Linkedin\" class=\"heateor_sss_button_linkedin\" href=\"https:\/\/www.linkedin.com\/sharing\/share-offsite\/?url=https%3A%2F%2Fakane.coop%2Fes%2Fmision-vision-valores%2F\" title=\"Linkedin\" rel=\"nofollow noopener\" target=\"_blank\" style=\"font-size:32px!important;box-shadow:none;display:inline-block;vertical-align:middle\"><span class=\"heateor_sss_svg heateor_sss_s__default heateor_sss_s_linkedin\" style=\"background-color:#0077b5;width:35px;height:35px;border-radius:999px;display:inline-block;opacity:1;float:left;font-size:32px;box-shadow:none;display:inline-block;font-size:16px;padding:0 4px;vertical-align:middle;background-repeat:repeat;overflow:hidden;padding:0;cursor:pointer;box-sizing:content-box\"><svg style=\"display:block;border-radius:999px;\" focusable=\"false\" aria-hidden=\"true\" xmlns=\"http:\/\/www.w3.org\/2000\/svg\" width=\"100%\" height=\"100%\" viewBox=\"0 0 32 32\"><path d=\"M6.227 12.61h4.19v13.48h-4.19V12.61zm2.095-6.7a2.43 2.43 0 0 1 0 4.86c-1.344 0-2.428-1.09-2.428-2.43s1.084-2.43 2.428-2.43m4.72 6.7h4.02v1.84h.058c.56-1.058 1.927-2.176 3.965-2.176 4.238 0 5.02 2.792 5.02 6.42v7.395h-4.183v-6.56c0-1.564-.03-3.574-2.178-3.574-2.18 0-2.514 1.7-2.514 3.46v6.668h-4.187V12.61z\" fill=\"#fff\"><\/path><\/svg><\/span><\/a><a aria-label=\"Instagram\" class=\"heateor_sss_button_instagram\" href=\"https:\/\/www.instagram.com\/\" title=\"Instagram\" rel=\"nofollow noopener\" target=\"_blank\" style=\"font-size:32px!important;box-shadow:none;display:inline-block;vertical-align:middle\"><span class=\"heateor_sss_svg\" style=\"background-color:#53beee;width:35px;height:35px;border-radius:999px;display:inline-block;opacity:1;float:left;font-size:32px;box-shadow:none;display:inline-block;font-size:16px;padding:0 4px;vertical-align:middle;background-repeat:repeat;overflow:hidden;padding:0;cursor:pointer;box-sizing:content-box\"><svg style=\"display:block;border-radius:999px;\" version=\"1.1\" viewBox=\"-10 -10 148 148\" width=\"100%\" height=\"100%\" xml:space=\"preserve\" xmlns=\"http:\/\/www.w3.org\/2000\/svg\" xmlns:xlink=\"http:\/\/www.w3.org\/1999\/xlink\"><g><g><path d=\"M86,112H42c-14.336,0-26-11.663-26-26V42c0-14.337,11.664-26,26-26h44c14.337,0,26,11.663,26,26v44 C112,100.337,100.337,112,86,112z M42,24c-9.925,0-18,8.074-18,18v44c0,9.925,8.075,18,18,18h44c9.926,0,18-8.075,18-18V42 c0-9.926-8.074-18-18-18H42z\" fill=\"#fff\"><\/path><\/g><g><path d=\"M64,88c-13.234,0-24-10.767-24-24c0-13.234,10.766-24,24-24s24,10.766,24,24C88,77.233,77.234,88,64,88z M64,48c-8.822,0-16,7.178-16,16s7.178,16,16,16c8.822,0,16-7.178,16-16S72.822,48,64,48z\" fill=\"#fff\"><\/path><\/g><g><circle cx=\"89.5\" cy=\"38.5\" fill=\"#fff\" r=\"5.5\"><\/circle><\/g><\/g><\/svg><\/span><\/a><\/div><div class=\"heateorSssClear\"><\/div><\/div><div class='heateorSssClear'><\/div><p>[vc_row full_width=\u00bbstretch_row\u00bb disable_element=\u00bbyes\u00bb bg_type=\u00bbimage\u00bb parallax_style=\u00bbvcpb-default\u00bb bg_image_new=\u00bbid^5420|url^https:\/\/akane.coop\/wp-content\/uploads\/2015\/03\/test-bhg.jpg|caption^null|alt^null|title^test bhg|description^null\u00bb bg_image_repeat=\u00bbno-repeat\u00bb bg_image_size=\u00bbinitial\u00bb bg_img_attach=\u00bbfixed\u00bb bg_image_posiiton=\u00bb0 60px\u00bb][vc_column][vc_column_text el_class=\u00bbfancy-text\u00bb] Misi\u00f3n, visi\u00f3n, valores [\/vc_column_text][\/vc_column][\/vc_row][vc_row equal_height=\u00bbyes\u00bb el_class=\u00bbmin-height-400&#8243;][vc_column width=\u00bb1\/2&#8243; css=\u00bb.vc_custom_1623924606833{background-image: url(https:\/\/akane.coop\/wp-content\/uploads\/2021\/06\/WEB-AKANE.-MISSIO-1.jpeg?id=6183) !important;background-position: center !important;background-repeat: no-repeat !important;background-size: cover !important;}\u00bb el_class=\u00bbcol-bg-img\u00bb][\/vc_column][vc_column width=\u00bb1\/2&#8243; css=\u00bb.vc_custom_1623924986255{padding-top: 40px !important;}\u00bb][vc_text_separator title=\u00bbMisi\u00f3n\u00bb color=\u00bbcustom\u00bb accent_color=\u00bb#ca4b51&#8243; el_class=\u00bbseparador-texto-color fancy-text\u00bb css=\u00bb.vc_custom_1651060547128{padding-right: 40px !important;padding-left: 40px !important;}\u00bb][vc_column_text el_class=\u00bbpadding-40&#8243;] Acompa\u00f1ar y dar una atenci\u00f3n<\/p>\n","protected":false},"author":4,"featured_media":0,"parent":0,"menu_order":0,"comment_status":"closed","ping_status":"closed","template":"","meta":{"footnotes":""},"class_list":["post-6682","page","type-page","status-publish"],"_links":{"self":[{"href":"https:\/\/akane.coop\/es\/wp-json\/wp\/v2\/pages\/6682","targetHints":{"allow":["GET"]}}],"collection":[{"href":"https:\/\/akane.coop\/es\/wp-json\/wp\/v2\/pages"}],"about":[{"href":"https:\/\/akane.coop\/es\/wp-json\/wp\/v2\/types\/page"}],"author":[{"embeddable":true,"href":"https:\/\/akane.coop\/es\/wp-json\/wp\/v2\/users\/4"}],"replies":[{"embeddable":true,"href":"https:\/\/akane.coop\/es\/wp-json\/wp\/v2\/comments?post=6682"}],"version-history":[{"count":2,"href":"https:\/\/akane.coop\/es\/wp-json\/wp\/v2\/pages\/6682\/revisions"}],"predecessor-version":[{"id":6684,"href":"https:\/\/akane.coop\/es\/wp-json\/wp\/v2\/pages\/6682\/revisions\/6684"}],"wp:attachment":[{"href":"https:\/\/akane.coop\/es\/wp-json\/wp\/v2\/media?parent=6682"}],"curies":[{"name":"wp","href":"https:\/\/api.w.org\/{rel}","templated":true}]}}