





{"id":6698,"date":"2014-02-12T14:49:37","date_gmt":"2014-02-12T14:49:37","guid":{"rendered":"https:\/\/akane.coop\/home-6\/"},"modified":"2024-08-26T08:02:06","modified_gmt":"2024-08-26T08:02:06","slug":"home-6","status":"publish","type":"page","link":"https:\/\/akane.coop\/es\/","title":{"rendered":"Inicio"},"content":{"rendered":"<div class=\"wpb-content-wrapper\"><p>[vc_row full_width=\u00bbstretch_row_content_no_spaces\u00bb disable_element=\u00bbyes\u00bb margin_top=\u00bb-40&#8243; el_id=\u00bbhome-slider-mobile\u00bb][vc_column offset=\u00bbvc_hidden-lg\u00bb][rev_slider_vc alias=\u00bbakane\u00bb][\/vc_column][\/vc_row][vc_row equal_height=\u00bbyes\u00bb margin_top=\u00bb-205&#8243; el_id=\u00bbhome-slider\u00bb css=\u00bb.vc_custom_1724659246477{padding-top: 0px !important;padding-bottom: 0px !important;}\u00bb][vc_column][rev_slider_vc alias=\u00bbakane-cast\u00bb][\/vc_column][\/vc_row][vc_row full_width=\u00bbstretch_row_content_no_spaces\u00bb bg_type=\u00bbbg_color\u00bb bg_color_value=\u00bb#f7c05b\u00bb el_class=\u00bbfila-separador\u00bb][vc_column][vc_text_separator title=\u00bbSERVICIOS DE ACOMPA\u00d1AMIENTO FAMILIAR\u00bb color=\u00bbwhite\u00bb el_class=\u00bbseparador\u00bb][\/vc_column][\/vc_row][vc_row parallax=\u00bbno\u00bb use_container=\u00bb\u00bb][vc_column][vc_empty_space el_class=\u00bbline-title\u00bb][vc_column_text]<\/p>\n<p style=\"text-align: center;\">El ciclo vital de las personas y familias est\u00e1 formado por etapas de transici\u00f3n que requieren de capacidad de adaptaci\u00f3n para que se d\u00e9 el \u00f3ptimo crecimiento de sus miembros. Esto va ligado a la toma de decisiones, que involucran emociones, sentimientos y valores de todas las personas que conforman el n\u00facleo familiar.<br \/>\nA menudo, la conciliaci\u00f3n de las necesidades individuales con las del n\u00facleo familiar puede resultar dif\u00edcil.<\/p>\n<p style=\"text-align: center;\"><strong>Akane<\/strong> ofrece varios servicios de acompa\u00f1amiento familiar a aquellas familias que precisan soporte terap\u00e9utico, emocional o educativo para hacer frente a situaciones de cambio o dificultad por las que transitan. Servicios de varios formatos adaptados a las necesidades de cada familia y cada uno de sus miembros.<\/p>\n<p>[\/vc_column_text][vc_row_inner gap=\u00bb35&#8243;][vc_column_inner width=\u00bb1\/4&#8243;][vc_empty_space height=\u00bb10px\u00bb][vc_icon type=\u00bbtypicons\u00bb icon_typicons=\u00bbtypcn typcn-group\u00bb color=\u00bbcustom\u00bb size=\u00bbxl\u00bb align=\u00bbcenter\u00bb custom_color=\u00bb#ca4b51&#8243; link=\u00bburl:https%3A%2F%2Fapp.dev.madsys.com%2Fakane%2Fservei-atencio-integral%2Fconsultoria-familiar%2F|title:Consultoria%20familiar\u00bb][vc_custom_heading text=\u00bbCONSULTORIA FAMILIAR\u00bb font_container=\u00bbtag:h5|text_align:center|color:%23ca4b51&#8243; google_fonts=\u00bbfont_family:Open%20Sans%3A300%2C300italic%2Cregular%2Citalic%2C600%2C600italic%2C700%2C700italic%2C800%2C800italic|font_style:600%20bold%20regular%3A600%3Anormal\u00bb][vc_empty_space height=\u00bb12px\u00bb][vc_column_text]<strong>AKANE<\/strong> ofrece un programa de consultor\u00eda y asesoramiento familiar, que consiste en dos o tres entrevistas, cuyo objetivo es esclarecer la situaci\u00f3n que est\u00e1 viviendo la familia, ayudando a \u00e9sta a visualizar el conjunto de caminos que puede seguir para encontrar soluciones saludables. <a href=\"https:\/\/akane.coop\/es\/consultoria-familiar\/\">Leer m\u00e1s<\/a>[\/vc_column_text][vc_empty_space][\/vc_column_inner][vc_column_inner width=\u00bb1\/4&#8243;][vc_empty_space height=\u00bb10px\u00bb][vc_icon type=\u00bbtypicons\u00bb icon_typicons=\u00bbtypcn typcn-mortar-board\u00bb color=\u00bbcustom\u00bb size=\u00bbxl\u00bb align=\u00bbcenter\u00bb custom_color=\u00bb#ca4b51&#8243; link=\u00bburl:https%3A%2F%2Fapp.dev.madsys.com%2Fakane%2Fservei-atencio-integral%2Fservei-post-adoptiu%2F%231624443783654-5caa4fb0-2634|title:formaci%C3%B3%20per%20a%20fam%C3%ADlies\u00bb][vc_custom_heading text=\u00bbFORMACI\u00d3N PARA FAMILIAS VINCULADAS AL \u00c1MBITO DE LA ADOPCI\u00d3N\u00bb font_container=\u00bbtag:h5|text_align:center|color:%23ca4b51&#8243; google_fonts=\u00bbfont_family:Open%20Sans%3A300%2C300italic%2Cregular%2Citalic%2C600%2C600italic%2C700%2C700italic%2C800%2C800italic|font_style:600%20bold%20regular%3A600%3Anormal\u00bb][vc_empty_space height=\u00bb12px\u00bb][vc_column_text]<strong>AKANE<\/strong> presta especial atenci\u00f3n al trabajo de apoyo a las familias en la educaci\u00f3n de los hijos\/as, respondiendo a la preocupaci\u00f3n que expresan los padres y madres ante conductas cada vez m\u00e1s frecuentes en los ni\u00f1os\/as y j\u00f3venes: depresivas, desafiantes, agresivas , consumistas, intolerantes, exigentes, etc. <a href=\"https:\/\/akane.coop\/es\/servicio-de-postadopcion\/#1624443783654-5caa4fb0-2634\">Leer m\u00e1s<\/a>[\/vc_column_text][vc_empty_space][\/vc_column_inner][vc_column_inner width=\u00bb1\/4&#8243;][vc_empty_space height=\u00bb10px\u00bb][vc_icon type=\u00bbtypicons\u00bb icon_typicons=\u00bbtypcn typcn-user-add\u00bb color=\u00bbcustom\u00bb size=\u00bbxl\u00bb align=\u00bbcenter\u00bb custom_color=\u00bb#ca4b51&#8243; link=\u00bburl:https%3A%2F%2Fapp.dev.madsys.com%2Fakane%2Fservei-atencio-integral%2Fservei-post-adoptiu%2F%231624443783686-2663320c-5ddd|title:Suport%20terap%C3%A8utic%20postadoptiu\u00bb][vc_custom_heading text=\u00bbSOPORTE TERAP\u00c9UTICO POSTADOPTIVO\u00bb font_container=\u00bbtag:h5|text_align:center|color:%23ca4b51&#8243; google_fonts=\u00bbfont_family:Open%20Sans%3A300%2C300italic%2Cregular%2Citalic%2C600%2C600italic%2C700%2C700italic%2C800%2C800italic|font_style:600%20bold%20regular%3A600%3Anormal\u00bb][vc_empty_space height=\u00bb12px\u00bb][vc_column_text]Es un espacio de orientaci\u00f3n y acompa\u00f1amiento terap\u00e9utico dirigido a los ni\u00f1os y sus familias que les ofrece un abanico de recursos para dar respuesta a las necesidades por ellas expresadas y acompa\u00f1adas por un equipo de profesionales multidisciplinar. <a href=\"https:\/\/akane.coop\/es\/servicio-de-postadopcion\/#1624443783686-2663320c-5ddd\">Leer m\u00e1s<\/a>[\/vc_column_text][vc_empty_space][\/vc_column_inner][vc_column_inner width=\u00bb1\/4&#8243;][vc_empty_space height=\u00bb10px\u00bb][vc_icon type=\u00bbtypicons\u00bb icon_typicons=\u00bbtypcn typcn-messages\u00bb color=\u00bbcustom\u00bb size=\u00bbxl\u00bb align=\u00bbcenter\u00bb custom_color=\u00bb#ca4b51&#8243; link=\u00bburl:https%3A%2F%2Fapp.dev.madsys.com%2Fakane%2Fservei-atencio-integral%2Fservei-post-adoptiu%2F%231624446706880-d54b9b2a-78f2|title:Formaci%C3%B3%20a%20professionals\u00bb][vc_custom_heading text=\u00bbFORMACI\u00d3N A PROFESIONALES\u00bb font_container=\u00bbtag:h5|text_align:center|color:%23ca4b51&#8243; google_fonts=\u00bbfont_family:Open%20Sans%3A300%2C300italic%2Cregular%2Citalic%2C600%2C600italic%2C700%2C700italic%2C800%2C800italic|font_style:600%20bold%20regular%3A600%3Anormal\u00bb][vc_empty_space height=\u00bb12px\u00bb][vc_column_text]<span class=\"s1\">Dirigidas a los profesionales vinculados al mundo de la adopci\u00f3n. Son espacios pensados \u200b\u200bpara compartir la experiencia de los profesionales y sus inquietudes y abrir l\u00edneas de reflexi\u00f3n y debate sobre cada uno de los temas desde una din\u00e1mica en la que se articulan conceptos te\u00f3ricos y pr\u00e1cticos. <a href=\"https:\/\/akane.coop\/es\/servicio-de-postadopcion\/#1624446706880-d54b9b2a-78f2\">Leer m\u00e1s<\/a><\/span>[\/vc_column_text][vc_empty_space][\/vc_column_inner][\/vc_row_inner][vc_empty_space][\/vc_column][\/vc_row][vc_row full_width=\u00bbstretch_row_content_no_spaces\u00bb bg_type=\u00bbbg_color\u00bb bg_color_value=\u00bb#00a9b2&#8243; el_class=\u00bbfila-separador\u00bb][vc_column][vc_text_separator title=\u00bbSERVEI POST-ADOPTIU ADRE\u00c7AT A:\u00bb color=\u00bbwhite\u00bb el_class=\u00bbseparador\u00bb][\/vc_column][\/vc_row][vc_section full_width=\u00bbstretch_row_content\u00bb content_placement=\u00bbmiddle\u00bb parallax=\u00bbcontent-moving\u00bb parallax_image=\u00bb5659&#8243;][vc_row full_width=\u00bbstretch_row_content_no_spaces\u00bb gap=\u00bb35&#8243; equal_height=\u00bbyes\u00bb el_class=\u00bbhome-seccion-segunda\u00bb][vc_column width=\u00bb1\/6&#8243;][\/vc_column][vc_column width=\u00bb2\/6&#8243; css=\u00bb.vc_custom_1624863865249{padding-right: 20px !important;padding-left: 20px !important;background-color: rgba(0,0,0,0.5) !important;*background-color: rgb(0,0,0) !important;border-radius: 20px !important;}\u00bb][vc_icon type=\u00bbtypicons\u00bb icon_typicons=\u00bbtypcn typcn-group-outline\u00bb color=\u00bbcustom\u00bb size=\u00bbxl\u00bb align=\u00bbcenter\u00bb css=\u00bb.vc_custom_1623685486956{margin-bottom: 25px !important;}\u00bb custom_color=\u00bb#ffffff\u00bb link=\u00bburl:http%3A%2F%2Fakane.coop%2Fnewweb%2Fconsultoria-assessorament-familiar%2F||\u00bb][vc_column_text]<\/p>\n<h3 class=\"p1\" style=\"text-align: center;\"><span class=\"s1\">FAMILIAS Y USUARIOS<\/span><\/h3>\n<hr \/>\n<p>[\/vc_column_text][vc_column_text css=\u00bb.vc_custom_1652710481196{padding-right: 40px !important;padding-left: 40px !important;}\u00bb el_class=\u00bbstandard-arrow bullet-top\u00bb]<\/p>\n<ul>\n<li>Charlas informativas<\/li>\n<li>Charlas formativas<\/li>\n<li>Talleres experienciales<\/li>\n<li>Espacios Familiares<\/li>\n<li>Soporte Terap\u00e9utico Postadoptivo<\/li>\n<\/ul>\n<p>[\/vc_column_text][\/vc_column][vc_column width=\u00bb2\/6&#8243; css=\u00bb.vc_custom_1624863884526{padding-right: 20px !important;padding-left: 20px !important;background-color: rgba(0,0,0,0.5) !important;*background-color: rgb(0,0,0) !important;border-radius: 20px !important;}\u00bb][vc_icon type=\u00bbtypicons\u00bb icon_typicons=\u00bbtypcn typcn-user-outline\u00bb color=\u00bbcustom\u00bb size=\u00bbxl\u00bb align=\u00bbcenter\u00bb css=\u00bb.vc_custom_1623685528923{margin-bottom: 25px !important;}\u00bb custom_color=\u00bb#ffffff\u00bb link=\u00bburl:http%3A%2F%2Fakane.coop%2Fnewweb%2Fconsultoria-assessorament-familiar%2F||\u00bb][vc_column_text]<\/p>\n<h3 class=\"p1\" style=\"text-align: center;\"><span class=\"s1\">PROFESIONALES<\/span><\/h3>\n<hr \/>\n<p>[\/vc_column_text][vc_column_text css=\u00bb.vc_custom_1652710501561{padding-right: 40px !important;padding-left: 40px !important;}\u00bb el_class=\u00bbstandard-arrow bullet-top\u00bb]<\/p>\n<ul>\n<li>Charlas formativas<\/li>\n<li>Asesoramiento y supervisi\u00f3n a profesionales<\/li>\n<\/ul>\n<p>[\/vc_column_text][\/vc_column][vc_column width=\u00bb1\/6&#8243;][\/vc_column][\/vc_row][\/vc_section][vc_row full_width=\u00bbstretch_row_content_no_spaces\u00bb bg_type=\u00bbbg_color\u00bb bg_color_value=\u00bb#0277cc\u00bb el_class=\u00bbfila-separador\u00bb][vc_column][vc_text_separator title=\u00bb\u00daLTIMAS NOTICIAS:\u00bb color=\u00bbwhite\u00bb el_class=\u00bbseparador\u00bb][\/vc_column][\/vc_row][vc_section el_class=\u00bbhome-noticias\u00bb css=\u00bb.vc_custom_1624864464845{padding-top: 50px !important;}\u00bb][vc_row][vc_column][vc_empty_space][vc_basic_grid post_type=\u00bbpost\u00bb max_items=\u00bb3&#8243; gap=\u00bb35&#8243; item=\u00bb6241&#8243; grid_id=\u00bbvc_gid:1724659223453-0ad4181c-e719-1&#8243;][\/vc_column][\/vc_row][\/vc_section]<\/p>\n<\/div>","protected":false},"excerpt":{"rendered":"<div class='heateorSssClear'><\/div><div  class='heateor_sss_sharing_container heateor_sss_horizontal_sharing' data-heateor-sss-href='https:\/\/akane.coop\/es\/'><div class='heateor_sss_sharing_title' style=\"font-weight:bold\" >Comparteix<\/div><div class=\"heateor_sss_sharing_ul\"><a aria-label=\"Facebook\" class=\"heateor_sss_facebook\" href=\"https:\/\/www.facebook.com\/sharer\/sharer.php?u=https%3A%2F%2Fakane.coop%2Fes%2F\" title=\"Facebook\" rel=\"nofollow noopener\" target=\"_blank\" style=\"font-size:32px!important;box-shadow:none;display:inline-block;vertical-align:middle\"><span class=\"heateor_sss_svg\" style=\"background-color:#0765FE;width:35px;height:35px;border-radius:999px;display:inline-block;opacity:1;float:left;font-size:32px;box-shadow:none;display:inline-block;font-size:16px;padding:0 4px;vertical-align:middle;background-repeat:repeat;overflow:hidden;padding:0;cursor:pointer;box-sizing:content-box\"><svg style=\"display:block;border-radius:999px;\" focusable=\"false\" aria-hidden=\"true\" xmlns=\"http:\/\/www.w3.org\/2000\/svg\" width=\"100%\" height=\"100%\" viewBox=\"0 0 32 32\"><path fill=\"#fff\" d=\"M28 16c0-6.627-5.373-12-12-12S4 9.373 4 16c0 5.628 3.875 10.35 9.101 11.647v-7.98h-2.474V16H13.1v-1.58c0-4.085 1.849-5.978 5.859-5.978.76 0 2.072.15 2.608.298v3.325c-.283-.03-.775-.045-1.386-.045-1.967 0-2.728.745-2.728 2.683V16h3.92l-.673 3.667h-3.247v8.245C23.395 27.195 28 22.135 28 16Z\"><\/path><\/svg><\/span><\/a><a aria-label=\"Twitter\" class=\"heateor_sss_button_twitter\" href=\"https:\/\/twitter.com\/intent\/tweet?text=Inicio&url=https%3A%2F%2Fakane.coop%2Fes%2F\" title=\"Twitter\" rel=\"nofollow noopener\" target=\"_blank\" style=\"font-size:32px!important;box-shadow:none;display:inline-block;vertical-align:middle\"><span class=\"heateor_sss_svg heateor_sss_s__default heateor_sss_s_twitter\" style=\"background-color:#55acee;width:35px;height:35px;border-radius:999px;display:inline-block;opacity:1;float:left;font-size:32px;box-shadow:none;display:inline-block;font-size:16px;padding:0 4px;vertical-align:middle;background-repeat:repeat;overflow:hidden;padding:0;cursor:pointer;box-sizing:content-box\"><svg style=\"display:block;border-radius:999px;\" focusable=\"false\" aria-hidden=\"true\" xmlns=\"http:\/\/www.w3.org\/2000\/svg\" width=\"100%\" height=\"100%\" viewBox=\"-4 -4 39 39\"><path d=\"M28 8.557a9.913 9.913 0 0 1-2.828.775 4.93 4.93 0 0 0 2.166-2.725 9.738 9.738 0 0 1-3.13 1.194 4.92 4.92 0 0 0-3.593-1.55 4.924 4.924 0 0 0-4.794 6.049c-4.09-.21-7.72-2.17-10.15-5.15a4.942 4.942 0 0 0-.665 2.477c0 1.71.87 3.214 2.19 4.1a4.968 4.968 0 0 1-2.23-.616v.06c0 2.39 1.7 4.38 3.952 4.83-.414.115-.85.174-1.297.174-.318 0-.626-.03-.928-.086a4.935 4.935 0 0 0 4.6 3.42 9.893 9.893 0 0 1-6.114 2.107c-.398 0-.79-.023-1.175-.068a13.953 13.953 0 0 0 7.55 2.213c9.056 0 14.01-7.507 14.01-14.013 0-.213-.005-.426-.015-.637.96-.695 1.795-1.56 2.455-2.55z\" fill=\"#fff\"><\/path><\/svg><\/span><\/a><a aria-label=\"Whatsapp\" class=\"heateor_sss_whatsapp\" href=\"https:\/\/api.whatsapp.com\/send?text=Inicio%20https%3A%2F%2Fakane.coop%2Fes%2F\" title=\"Whatsapp\" rel=\"nofollow noopener\" target=\"_blank\" style=\"font-size:32px!important;box-shadow:none;display:inline-block;vertical-align:middle\"><span class=\"heateor_sss_svg\" style=\"background-color:#55eb4c;width:35px;height:35px;border-radius:999px;display:inline-block;opacity:1;float:left;font-size:32px;box-shadow:none;display:inline-block;font-size:16px;padding:0 4px;vertical-align:middle;background-repeat:repeat;overflow:hidden;padding:0;cursor:pointer;box-sizing:content-box\"><svg style=\"display:block;border-radius:999px;\" focusable=\"false\" aria-hidden=\"true\" xmlns=\"http:\/\/www.w3.org\/2000\/svg\" width=\"100%\" height=\"100%\" viewBox=\"-6 -5 40 40\"><path class=\"heateor_sss_svg_stroke heateor_sss_no_fill\" stroke=\"#fff\" stroke-width=\"2\" fill=\"none\" d=\"M 11.579798566743314 24.396926207859085 A 10 10 0 1 0 6.808479557110079 20.73576436351046\"><\/path><path d=\"M 7 19 l -1 6 l 6 -1\" class=\"heateor_sss_no_fill heateor_sss_svg_stroke\" stroke=\"#fff\" stroke-width=\"2\" fill=\"none\"><\/path><path d=\"M 10 10 q -1 8 8 11 c 5 -1 0 -6 -1 -3 q -4 -3 -5 -5 c 4 -2 -1 -5 -1 -4\" fill=\"#fff\"><\/path><\/svg><\/span><\/a><a aria-label=\"Linkedin\" class=\"heateor_sss_button_linkedin\" href=\"https:\/\/www.linkedin.com\/sharing\/share-offsite\/?url=https%3A%2F%2Fakane.coop%2Fes%2F\" title=\"Linkedin\" rel=\"nofollow noopener\" target=\"_blank\" style=\"font-size:32px!important;box-shadow:none;display:inline-block;vertical-align:middle\"><span class=\"heateor_sss_svg heateor_sss_s__default heateor_sss_s_linkedin\" style=\"background-color:#0077b5;width:35px;height:35px;border-radius:999px;display:inline-block;opacity:1;float:left;font-size:32px;box-shadow:none;display:inline-block;font-size:16px;padding:0 4px;vertical-align:middle;background-repeat:repeat;overflow:hidden;padding:0;cursor:pointer;box-sizing:content-box\"><svg style=\"display:block;border-radius:999px;\" focusable=\"false\" aria-hidden=\"true\" xmlns=\"http:\/\/www.w3.org\/2000\/svg\" width=\"100%\" height=\"100%\" viewBox=\"0 0 32 32\"><path d=\"M6.227 12.61h4.19v13.48h-4.19V12.61zm2.095-6.7a2.43 2.43 0 0 1 0 4.86c-1.344 0-2.428-1.09-2.428-2.43s1.084-2.43 2.428-2.43m4.72 6.7h4.02v1.84h.058c.56-1.058 1.927-2.176 3.965-2.176 4.238 0 5.02 2.792 5.02 6.42v7.395h-4.183v-6.56c0-1.564-.03-3.574-2.178-3.574-2.18 0-2.514 1.7-2.514 3.46v6.668h-4.187V12.61z\" fill=\"#fff\"><\/path><\/svg><\/span><\/a><a aria-label=\"Instagram\" class=\"heateor_sss_button_instagram\" href=\"https:\/\/www.instagram.com\/\" title=\"Instagram\" rel=\"nofollow noopener\" target=\"_blank\" style=\"font-size:32px!important;box-shadow:none;display:inline-block;vertical-align:middle\"><span class=\"heateor_sss_svg\" style=\"background-color:#53beee;width:35px;height:35px;border-radius:999px;display:inline-block;opacity:1;float:left;font-size:32px;box-shadow:none;display:inline-block;font-size:16px;padding:0 4px;vertical-align:middle;background-repeat:repeat;overflow:hidden;padding:0;cursor:pointer;box-sizing:content-box\"><svg style=\"display:block;border-radius:999px;\" version=\"1.1\" viewBox=\"-10 -10 148 148\" width=\"100%\" height=\"100%\" xml:space=\"preserve\" xmlns=\"http:\/\/www.w3.org\/2000\/svg\" xmlns:xlink=\"http:\/\/www.w3.org\/1999\/xlink\"><g><g><path d=\"M86,112H42c-14.336,0-26-11.663-26-26V42c0-14.337,11.664-26,26-26h44c14.337,0,26,11.663,26,26v44 C112,100.337,100.337,112,86,112z M42,24c-9.925,0-18,8.074-18,18v44c0,9.925,8.075,18,18,18h44c9.926,0,18-8.075,18-18V42 c0-9.926-8.074-18-18-18H42z\" fill=\"#fff\"><\/path><\/g><g><path d=\"M64,88c-13.234,0-24-10.767-24-24c0-13.234,10.766-24,24-24s24,10.766,24,24C88,77.233,77.234,88,64,88z M64,48c-8.822,0-16,7.178-16,16s7.178,16,16,16c8.822,0,16-7.178,16-16S72.822,48,64,48z\" fill=\"#fff\"><\/path><\/g><g><circle cx=\"89.5\" cy=\"38.5\" fill=\"#fff\" r=\"5.5\"><\/circle><\/g><\/g><\/svg><\/span><\/a><\/div><div class=\"heateorSssClear\"><\/div><\/div><div class='heateorSssClear'><\/div><p>[vc_row full_width=\u00bbstretch_row_content_no_spaces\u00bb disable_element=\u00bbyes\u00bb margin_top=\u00bb-40&#8243; el_id=\u00bbhome-slider-mobile\u00bb][vc_column offset=\u00bbvc_hidden-lg\u00bb][rev_slider_vc alias=\u00bbakane\u00bb][\/vc_column][\/vc_row][vc_row equal_height=\u00bbyes\u00bb margin_top=\u00bb-205&#8243; el_id=\u00bbhome-slider\u00bb css=\u00bb.vc_custom_1724659246477{padding-top: 0px !important;padding-bottom: 0px !important;}\u00bb][vc_column][rev_slider_vc alias=\u00bbakane-cast\u00bb][\/vc_column][\/vc_row][vc_row full_width=\u00bbstretch_row_content_no_spaces\u00bb bg_type=\u00bbbg_color\u00bb bg_color_value=\u00bb#f7c05b\u00bb el_class=\u00bbfila-separador\u00bb][vc_column][vc_text_separator title=\u00bbSERVICIOS DE ACOMPA\u00d1AMIENTO FAMILIAR\u00bb color=\u00bbwhite\u00bb el_class=\u00bbseparador\u00bb][\/vc_column][\/vc_row][vc_row parallax=\u00bbno\u00bb use_container=\u00bb\u00bb][vc_column][vc_empty_space el_class=\u00bbline-title\u00bb][vc_column_text] El ciclo vital de las personas y familias est\u00e1 formado por etapas de transici\u00f3n que requieren de capacidad de adaptaci\u00f3n para<\/p>\n","protected":false},"author":4,"featured_media":0,"parent":0,"menu_order":0,"comment_status":"closed","ping_status":"closed","template":"","meta":{"footnotes":""},"class_list":["post-6698","page","type-page","status-publish"],"_links":{"self":[{"href":"https:\/\/akane.coop\/es\/wp-json\/wp\/v2\/pages\/6698","targetHints":{"allow":["GET"]}}],"collection":[{"href":"https:\/\/akane.coop\/es\/wp-json\/wp\/v2\/pages"}],"about":[{"href":"https:\/\/akane.coop\/es\/wp-json\/wp\/v2\/types\/page"}],"author":[{"embeddable":true,"href":"https:\/\/akane.coop\/es\/wp-json\/wp\/v2\/users\/4"}],"replies":[{"embeddable":true,"href":"https:\/\/akane.coop\/es\/wp-json\/wp\/v2\/comments?post=6698"}],"version-history":[{"count":6,"href":"https:\/\/akane.coop\/es\/wp-json\/wp\/v2\/pages\/6698\/revisions"}],"predecessor-version":[{"id":6851,"href":"https:\/\/akane.coop\/es\/wp-json\/wp\/v2\/pages\/6698\/revisions\/6851"}],"wp:attachment":[{"href":"https:\/\/akane.coop\/es\/wp-json\/wp\/v2\/media?parent=6698"}],"curies":[{"name":"wp","href":"https:\/\/api.w.org\/{rel}","templated":true}]}}